{"id":3034,"date":"2018-05-10T21:09:13","date_gmt":"2018-05-10T21:09:13","guid":{"rendered":"http:\/\/www.lisacharlottemueller.com\/?post_type=product&#038;p=3034"},"modified":"2018-08-18T21:18:25","modified_gmt":"2018-08-18T21:18:25","slug":"amago","status":"publish","type":"product","link":"https:\/\/www.lisakuehnemann.com\/en\/produkt\/amago\/","title":{"rendered":"\u00c2mago"},"content":{"rendered":"<p>\u00c2mago\u2018 hei\u00dft auf portugiesisch \u201eHerzst\u00fcck\u201c oder \u201eKern der Sache\u201c.<br \/>\nDas Akustikensemble verleiht eigenen raffinierten Kompositionen und Arrangements bekannter Songs latin-farbenen Schmelz. Mit behutsamer Instrumentierung liefern sie federleichte Rhythmen und Stimmen, die samten, glasklar oder leidenschaftlich im Raum schweben und sich ideal erg\u00e4nzen.<br \/>\nEin Fu\u00df, der swingt, Melodien, die schmeicheln und der sehns\u00fcchtige Klang eines Abends, der musikalisch ein bisschen gl\u00fccklicher macht.<\/p>\n<p>Lisa Charlotte M\u00fcller (Voc., Perc. ), Blanca Nunez (Voc., Git., Perc.) , J\u00fcrgen Haufer (Voc., Git.), Michael Romm (Voc., Cello)<\/p>\n","protected":false},"excerpt":{"rendered":"<p>\u00c2mago&#039;s new CD<\/p>\n","protected":false},"featured_media":2352,"template":"","meta":[],"product_brand":[],"product_cat":[68],"product_tag":[],"class_list":{"0":"post-3034","1":"product","2":"type-product","3":"status-publish","4":"has-post-thumbnail","6":"product_cat-unkategorisiert","7":"product_shipping_class-klein","9":"first","10":"instock","11":"shipping-taxable","12":"purchasable","13":"product-type-simple"},"_links":{"self":[{"href":"https:\/\/www.lisakuehnemann.com\/en\/wp-json\/wp\/v2\/product\/3034"}],"collection":[{"href":"https:\/\/www.lisakuehnemann.com\/en\/wp-json\/wp\/v2\/product"}],"about":[{"href":"https:\/\/www.lisakuehnemann.com\/en\/wp-json\/wp\/v2\/types\/product"}],"wp:featuredmedia":[{"embeddable":true,"href":"https:\/\/www.lisakuehnemann.com\/en\/wp-json\/wp\/v2\/media\/2352"}],"wp:attachment":[{"href":"https:\/\/www.lisakuehnemann.com\/en\/wp-json\/wp\/v2\/media?parent=3034"}],"wp:term":[{"taxonomy":"product_brand","embeddable":true,"href":"https:\/\/www.lisakuehnemann.com\/en\/wp-json\/wp\/v2\/product_brand?post=3034"},{"taxonomy":"product_cat","embeddable":true,"href":"https:\/\/www.lisakuehnemann.com\/en\/wp-json\/wp\/v2\/product_cat?post=3034"},{"taxonomy":"product_tag","embeddable":true,"href":"https:\/\/www.lisakuehnemann.com\/en\/wp-json\/wp\/v2\/product_tag?post=3034"}],"curies":[{"name":"wp","href":"https:\/\/api.w.org\/{rel}","templated":true}]}}