{"id":4099,"date":"2022-03-31T11:21:19","date_gmt":"2022-03-31T09:21:19","guid":{"rendered":"https:\/\/www.lisakuehnemann.com\/?page_id=4099"},"modified":"2022-03-31T11:21:19","modified_gmt":"2022-03-31T09:21:19","slug":"schiefsinn","status":"publish","type":"page","link":"https:\/\/www.lisakuehnemann.com\/en\/schiefsinn\/","title":{"rendered":"Schiefsinn"},"content":{"rendered":"<h1>Schiefsinn<\/h1>\n<p>Lisa K\u00fchnemann (Voc), <a href=\"https:\/\/de.wikipedia.org\/wiki\/Simon_Seidl\">Simon Seidl (P)<\/a>, <a href=\"http:\/\/www.jakobkuehnemann.de\/\">Jakob K\u00fchnemann (Db)<\/a>,<br \/>\n<a href=\"http:\/\/www.philippbraemswig.com\/\">Philipp Br\u00e4mswig (G)<\/a> und <a href=\"http:\/\/timdudek.de\/\">Tim Dudek (Dr)<\/a>.<\/p>\n<p><a href=\"https:\/\/www.lisakuehnemann.com\/wp-content\/uploads\/2015\/04\/IMG_9857small1.jpg\"><img loading=\"lazy\" decoding=\"async\" class=\"alignnone size-full wp-image-1556\" src=\"https:\/\/www.lisakuehnemann.com\/wp-content\/uploads\/2015\/04\/IMG_9857small1.jpg\" alt=\"\" width=\"1000\" height=\"667\" srcset=\"https:\/\/www.lisakuehnemann.com\/wp-content\/uploads\/2015\/04\/IMG_9857small1.jpg 1000w, https:\/\/www.lisakuehnemann.com\/wp-content\/uploads\/2015\/04\/IMG_9857small1-301x201.jpg 301w, https:\/\/www.lisakuehnemann.com\/wp-content\/uploads\/2015\/04\/IMG_9857small1-768x512.jpg 768w, https:\/\/www.lisakuehnemann.com\/wp-content\/uploads\/2015\/04\/IMG_9857small1-350x233.jpg 350w, https:\/\/www.lisakuehnemann.com\/wp-content\/uploads\/2015\/04\/IMG_9857small1-300x200.jpg 300w\" sizes=\"(max-width: 706px) 89vw, (max-width: 767px) 82vw, 740px\" \/><\/a><\/p>\n","protected":false},"excerpt":{"rendered":"<p>Schiefsinn Lisa K\u00fchnemann (Voc), Simon Seidl (P), Jakob K\u00fchnemann (Db), Philipp Br\u00e4mswig (G) und Tim Dudek (Dr).<\/p>\n","protected":false},"author":4,"featured_media":0,"parent":0,"menu_order":0,"comment_status":"closed","ping_status":"closed","template":"","meta":{"footnotes":""},"class_list":["post-4099","page","type-page","status-publish","hentry"],"_links":{"self":[{"href":"https:\/\/www.lisakuehnemann.com\/en\/wp-json\/wp\/v2\/pages\/4099"}],"collection":[{"href":"https:\/\/www.lisakuehnemann.com\/en\/wp-json\/wp\/v2\/pages"}],"about":[{"href":"https:\/\/www.lisakuehnemann.com\/en\/wp-json\/wp\/v2\/types\/page"}],"author":[{"embeddable":true,"href":"https:\/\/www.lisakuehnemann.com\/en\/wp-json\/wp\/v2\/users\/4"}],"replies":[{"embeddable":true,"href":"https:\/\/www.lisakuehnemann.com\/en\/wp-json\/wp\/v2\/comments?post=4099"}],"version-history":[{"count":1,"href":"https:\/\/www.lisakuehnemann.com\/en\/wp-json\/wp\/v2\/pages\/4099\/revisions"}],"predecessor-version":[{"id":4100,"href":"https:\/\/www.lisakuehnemann.com\/en\/wp-json\/wp\/v2\/pages\/4099\/revisions\/4100"}],"wp:attachment":[{"href":"https:\/\/www.lisakuehnemann.com\/en\/wp-json\/wp\/v2\/media?parent=4099"}],"curies":[{"name":"wp","href":"https:\/\/api.w.org\/{rel}","templated":true}]}}