{"id":4097,"date":"2022-03-31T11:24:41","date_gmt":"2022-03-31T09:24:41","guid":{"rendered":"https:\/\/www.lisakuehnemann.com\/?page_id=4097"},"modified":"2022-09-06T12:20:38","modified_gmt":"2022-09-06T10:20:38","slug":"femmes-fatal","status":"publish","type":"page","link":"https:\/\/www.lisakuehnemann.com\/en\/femmes-fatal\/","title":{"rendered":"Femmes Fatal"},"content":{"rendered":"<p><img loading=\"lazy\" decoding=\"async\" class=\"aligncenter size-medium wp-image-3432\" src=\"\/wp-content\/uploads\/2018\/05\/Tapete-mit-Logo-quer-300x104.jpg\" alt=\"\" width=\"300\" height=\"104\" srcset=\"https:\/\/www.lisakuehnemann.com\/wp-content\/uploads\/2018\/05\/Tapete-mit-Logo-quer-300x104.jpg 300w, https:\/\/www.lisakuehnemann.com\/wp-content\/uploads\/2018\/05\/Tapete-mit-Logo-quer-768x265.jpg 768w, https:\/\/www.lisakuehnemann.com\/wp-content\/uploads\/2018\/05\/Tapete-mit-Logo-quer-350x121.jpg 350w, https:\/\/www.lisakuehnemann.com\/wp-content\/uploads\/2018\/05\/Tapete-mit-Logo-quer.jpg 810w\" sizes=\"(max-width: 300px) 100vw, 300px\" \/><a href=\"https:\/\/www.femmesfatales.de\/\">https:\/\/www.femmesfatales.de\/<\/a><br \/>\n<img loading=\"lazy\" decoding=\"async\" class=\"alignright size-medium wp-image-3203\" src=\"\/wp-content\/uploads\/2018\/05\/Femmes-Fatales-klein-300x169.jpg\" alt=\"\" width=\"300\" height=\"169\" \/>Lassen Sie sich von den Femmes Fatales in eine Welt voller Glitzer, Glamour und kurzweiliger Vergn\u00fcgungen entf\u00fchren. Die comedyerfahrenen Profis\u00e4ngerinnen verstehen es perfekt, Sie und Ihre G\u00e4ste mit offensivem Charme musikalisch durch den Abend zu geleiten. Mit Liedern u.a. von Marlene Dietrich, Zarah Leander und Cole Porter agieren sie dabei mit mond\u00e4ner Leichtigkeit zwischen den G\u00e4sten und auf der B\u00fchne. Genie\u00dfen Sie bei Ihrem Firmenevent oder Ihrer Privatveranstaltung ein unterhaltsames Programm im Glanz der Roaring Twenties.<\/p>\n<p class=\"titel\">Listen to the Femmes Fatales<\/p>\n<div class=\"lyte-wrapper\" style=\"width:560px;max-width:100%;margin:5px auto;\"><div class=\"lyMe\" id=\"WYL_bvEMxCJvyDI\"><div id=\"lyte_bvEMxCJvyDI\" data-src=\"https:\/\/www.lisakuehnemann.com\/wp-content\/plugins\/wp-youtube-lyte\/lyteCache.php?origThumbUrl=%2F%2Fi.ytimg.com%2Fvi%2FbvEMxCJvyDI%2Fhqdefault.jpg\" class=\"pL\"><div class=\"tC\"><div class=\"tT\"><\/div><\/div><div class=\"play\"><\/div><div class=\"ctrl\"><div class=\"Lctrl\"><\/div><div class=\"Rctrl\"><\/div><\/div><\/div><noscript><a href=\"https:\/\/youtu.be\/bvEMxCJvyDI\" rel=\"nofollow\"><img loading=\"lazy\" decoding=\"async\" src=\"https:\/\/www.lisakuehnemann.com\/wp-content\/plugins\/wp-youtube-lyte\/lyteCache.php?origThumbUrl=https%3A%2F%2Fi.ytimg.com%2Fvi%2FbvEMxCJvyDI%2F0.jpg\" alt=\"YouTube video thumbnail\" width=\"560\" height=\"295\" \/><br \/>Watch this video on YouTube<\/a><\/noscript><\/div><\/div><div class=\"lL\" style=\"max-width:100%;width:560px;margin:5px auto;\"><br\/><span class=\"lyte_disclaimer\">Das Video wird von youtube eingebettet abgespielt. Es gilt die <a href=\"https:\/\/policies.google.com\/privacy?hl=de\">Datenschutzerkl\u00e4rung von Google.<\/a><\/span><\/div><\/p>\n<hr \/>\n<p class=\"titel\">In A Box<\/p>\n<div class=\"lyte-wrapper\" style=\"width:560px;max-width:100%;margin:5px auto;\"><div class=\"lyMe\" id=\"WYL_g8UWXrp6Ygo\"><div id=\"lyte_g8UWXrp6Ygo\" data-src=\"https:\/\/www.lisakuehnemann.com\/wp-content\/plugins\/wp-youtube-lyte\/lyteCache.php?origThumbUrl=%2F%2Fi.ytimg.com%2Fvi%2Fg8UWXrp6Ygo%2Fhqdefault.jpg\" class=\"pL\"><div class=\"tC\"><div class=\"tT\"><\/div><\/div><div class=\"play\"><\/div><div class=\"ctrl\"><div class=\"Lctrl\"><\/div><div class=\"Rctrl\"><\/div><\/div><\/div><noscript><a href=\"https:\/\/youtu.be\/g8UWXrp6Ygo\" rel=\"nofollow\"><img loading=\"lazy\" decoding=\"async\" src=\"https:\/\/www.lisakuehnemann.com\/wp-content\/plugins\/wp-youtube-lyte\/lyteCache.php?origThumbUrl=https%3A%2F%2Fi.ytimg.com%2Fvi%2Fg8UWXrp6Ygo%2F0.jpg\" alt=\"YouTube video thumbnail\" width=\"560\" height=\"295\" \/><br \/>Watch this video on YouTube<\/a><\/noscript><\/div><\/div><div class=\"lL\" style=\"max-width:100%;width:560px;margin:5px auto;\"><br\/><span class=\"lyte_disclaimer\">Das Video wird von youtube eingebettet abgespielt. Es gilt die <a href=\"https:\/\/policies.google.com\/privacy?hl=de\">Datenschutzerkl\u00e4rung von Google.<\/a><\/span><\/div><\/p>\n<hr \/>\n<p class=\"titel\">Kann denn Liebe S\u00fcnde sein<\/p>\n<div class=\"lyte-wrapper\" style=\"width:560px;max-width:100%;margin:5px auto;\"><div class=\"lyMe\" id=\"WYL_7O_aa0I92Kc\"><div id=\"lyte_7O_aa0I92Kc\" data-src=\"https:\/\/www.lisakuehnemann.com\/wp-content\/plugins\/wp-youtube-lyte\/lyteCache.php?origThumbUrl=%2F%2Fi.ytimg.com%2Fvi%2F7O_aa0I92Kc%2Fhqdefault.jpg\" class=\"pL\"><div class=\"tC\"><div class=\"tT\"><\/div><\/div><div class=\"play\"><\/div><div class=\"ctrl\"><div class=\"Lctrl\"><\/div><div class=\"Rctrl\"><\/div><\/div><\/div><noscript><a href=\"https:\/\/youtu.be\/7O_aa0I92Kc\" rel=\"nofollow\"><img loading=\"lazy\" decoding=\"async\" src=\"https:\/\/www.lisakuehnemann.com\/wp-content\/plugins\/wp-youtube-lyte\/lyteCache.php?origThumbUrl=https%3A%2F%2Fi.ytimg.com%2Fvi%2F7O_aa0I92Kc%2F0.jpg\" alt=\"YouTube video thumbnail\" width=\"560\" height=\"295\" \/><br \/>Watch this video on YouTube<\/a><\/noscript><\/div><\/div><div class=\"lL\" style=\"max-width:100%;width:560px;margin:5px auto;\"><br\/><span class=\"lyte_disclaimer\">Das Video wird von youtube eingebettet abgespielt. Es gilt die <a href=\"https:\/\/policies.google.com\/privacy?hl=de\">Datenschutzerkl\u00e4rung von Google.<\/a><\/span><\/div><\/p>\n<p>[fts_facebook type=page id=798916420142580 access_token=EAAP9hArvboQBABqMngeNnsEVyxxsCLjSq7xKGf9hJR4GFmiOLJJpnJHw89JZAL3QpsbEDuSyVYdTuivPG6xEQZCpFYHMPu6DprfCDDRXHQaA1ZBVl1KTtzlZAF62HHSmqelhUqJsiZAmr9ksQ9AAHDDsezoBLnlIiqO20qWIHLoEZBIsGdU2pv posts=6 description=yes posts_displayed=page_only]<\/p>\n","protected":false},"excerpt":{"rendered":"<p>https:\/\/www.femmesfatales.de\/ Lassen Sie sich von den Femmes Fatales in eine Welt voller Glitzer, Glamour und kurzweiliger Vergn\u00fcgungen entf\u00fchren. Die comedyerfahrenen Profis\u00e4ngerinnen verstehen es perfekt, Sie und Ihre G\u00e4ste mit offensivem Charme musikalisch durch den Abend zu geleiten. Mit Liedern u.a. von Marlene Dietrich, Zarah Leander und Cole Porter agieren sie dabei mit mond\u00e4ner Leichtigkeit zwischen &hellip; <\/p>\n<p class=\"link-more\"><a href=\"https:\/\/www.lisakuehnemann.com\/en\/femmes-fatal\/\" class=\"more-link\">Continue reading<span class=\"screen-reader-text\"> &#8220;Femmes Fatal&#8221;<\/span><\/a><\/p>\n","protected":false},"author":4,"featured_media":0,"parent":0,"menu_order":0,"comment_status":"closed","ping_status":"closed","template":"","meta":{"footnotes":""},"class_list":["post-4097","page","type-page","status-publish","hentry"],"_links":{"self":[{"href":"https:\/\/www.lisakuehnemann.com\/en\/wp-json\/wp\/v2\/pages\/4097"}],"collection":[{"href":"https:\/\/www.lisakuehnemann.com\/en\/wp-json\/wp\/v2\/pages"}],"about":[{"href":"https:\/\/www.lisakuehnemann.com\/en\/wp-json\/wp\/v2\/types\/page"}],"author":[{"embeddable":true,"href":"https:\/\/www.lisakuehnemann.com\/en\/wp-json\/wp\/v2\/users\/4"}],"replies":[{"embeddable":true,"href":"https:\/\/www.lisakuehnemann.com\/en\/wp-json\/wp\/v2\/comments?post=4097"}],"version-history":[{"count":6,"href":"https:\/\/www.lisakuehnemann.com\/en\/wp-json\/wp\/v2\/pages\/4097\/revisions"}],"predecessor-version":[{"id":4136,"href":"https:\/\/www.lisakuehnemann.com\/en\/wp-json\/wp\/v2\/pages\/4097\/revisions\/4136"}],"wp:attachment":[{"href":"https:\/\/www.lisakuehnemann.com\/en\/wp-json\/wp\/v2\/media?parent=4097"}],"curies":[{"name":"wp","href":"https:\/\/api.w.org\/{rel}","templated":true}]}}