{"id":4088,"date":"2022-03-31T11:04:19","date_gmt":"2022-03-31T09:04:19","guid":{"rendered":"https:\/\/www.lisakuehnemann.com\/?page_id=4088"},"modified":"2022-09-06T12:14:20","modified_gmt":"2022-09-06T10:14:20","slug":"vokal-orchester-nrw","status":"publish","type":"page","link":"https:\/\/www.lisakuehnemann.com\/en\/vokal-orchester-nrw\/","title":{"rendered":"Vokal Orchester NRW"},"content":{"rendered":"<p><img loading=\"lazy\" decoding=\"async\" class=\"alignnone size-medium wp-image-3328\" src=\"https:\/\/www.lisakuehnemann.com\/wp-content\/uploads\/2018\/05\/Vokalorchester-Bandkachel-1-301x226.jpg\" alt=\"\" width=\"301\" height=\"226\" srcset=\"https:\/\/www.lisakuehnemann.com\/wp-content\/uploads\/2018\/05\/Vokalorchester-Bandkachel-1-301x226.jpg 301w, https:\/\/www.lisakuehnemann.com\/wp-content\/uploads\/2018\/05\/Vokalorchester-Bandkachel-1-350x263.jpg 350w, https:\/\/www.lisakuehnemann.com\/wp-content\/uploads\/2018\/05\/Vokalorchester-Bandkachel-1-300x225.jpg 300w, https:\/\/www.lisakuehnemann.com\/wp-content\/uploads\/2018\/05\/Vokalorchester-Bandkachel-1.jpg 700w\" sizes=\"(max-width: 301px) 100vw, 301px\" \/><\/p>\n<p><a href=\"http:\/\/vokalorchester.nrw\/\">www.vokalorchester.nrw<\/a><\/p>\n<p>Das Unerwartete, das \u00dcberraschende suchen. Sich vom Moment mitrei\u00dfen lassen. Musik, geschaffen von einem Kollektiv au\u00dfergew\u00f6hnlicher S\u00e4nger:innen. Aufregend, komplex, lustig, experimentell, spontan, atmosph\u00e4risch, vielf\u00e4ltig, bewegend.<\/p>\n<p>Kernst\u00fcck des Repertoires sind eigene Arrangements und Kompositionen, immer mit der \u00d6ffnung in die Improvisation \u2013 die Herz und Seele des VokalOrchesters NRW ist. In der Improvisation kann sich die kreative und stimmliche Energie der S\u00e4nger:innen voll entfalten: kollektiv, solistisch oder in kleineren Gruppen.<\/p>\n<p>Eine besondere St\u00e4rke liegt in den vielseitigen Backgrounds der Mitwirkenden: Profilierte Singer-Songwriter, Solist:innen und Ensemble-Profis aus Jazz und Pop, erfahrene Arrangeur:innen, Ensemble-Leiter:innen und Vocal Coaches bringen ihr ganzes k\u00fcnstlerisches Gewicht in das Stimm-Kollektiv ein.<\/p>\n<p>2018 stand das VokalOrchester NRW beim Jazz-Festival Moers erstmals auf der B\u00fchne. Seitdem begeisterte es das Publikum auf regelm\u00e4\u00dfigen Tourneen durch NRW und bei Festivalauftritten (VocCologne 2019, TIN-Festival D\u00fcsseldorf 2020, wir4Kultur Kultursommer Niederrhein 2021, Approximation Festival D\u00fcsseldorf 2021).<\/p>\n<p>Neben den eigenen Projekten arbeitete das VokalOrchester NRW mit K\u00fcnstler:innen wie dem Trompeter und Komponisten Markus Stockhausen, dem Arrangeur Daniel Mattar oder den Bands Efterklang und Sigur R\u00f3s zusammen.<\/p>\n<p>Die kreative Zukunft des kollektiven Singens hat gerade erst begonnen \u2026<\/p>\n<p>&nbsp;<\/p>\n<p>\u2013 Enjoy!<\/p>\n<p>&nbsp;<\/p>\n<p>[fts_facebook type=page id=1777175025708109 access_token=EAAP9hArvboQBACAUeECTf6SfyuNZBbETT73EaIkMKWZCU26n43vMk1FxsI4aMSUKexSKnqwp8o98e42lLw891rWJYJqgkG6U6ekoEWL04HN2vnXQp0ZAnBemaGVBmIKTaAsvTzCggi0UkNlwNXiAbh9PoFKOmSqSBh0SBHM7kpfCzsP7ZC7l posts=6 description=yes posts_displayed=page_only]<\/p>\n<p><span class=\"cff-fd-lst-shortcode sb-caption sb-lighter\">\u00a0<\/span><\/p>\n","protected":false},"excerpt":{"rendered":"<p>www.vokalorchester.nrw Das Unerwartete, das \u00dcberraschende suchen. Sich vom Moment mitrei\u00dfen lassen. Musik, geschaffen von einem Kollektiv au\u00dfergew\u00f6hnlicher S\u00e4nger:innen. Aufregend, komplex, lustig, experimentell, spontan, atmosph\u00e4risch, vielf\u00e4ltig, bewegend. Kernst\u00fcck des Repertoires sind eigene Arrangements und Kompositionen, immer mit der \u00d6ffnung in die Improvisation \u2013 die Herz und Seele des VokalOrchesters NRW ist. In der Improvisation kann sich &hellip; <\/p>\n<p class=\"link-more\"><a href=\"https:\/\/www.lisakuehnemann.com\/en\/vokal-orchester-nrw\/\" class=\"more-link\">Continue reading<span class=\"screen-reader-text\"> &#8220;Vokal Orchester NRW&#8221;<\/span><\/a><\/p>\n","protected":false},"author":4,"featured_media":0,"parent":0,"menu_order":0,"comment_status":"closed","ping_status":"closed","template":"","meta":{"footnotes":""},"class_list":["post-4088","page","type-page","status-publish","hentry"],"_links":{"self":[{"href":"https:\/\/www.lisakuehnemann.com\/en\/wp-json\/wp\/v2\/pages\/4088"}],"collection":[{"href":"https:\/\/www.lisakuehnemann.com\/en\/wp-json\/wp\/v2\/pages"}],"about":[{"href":"https:\/\/www.lisakuehnemann.com\/en\/wp-json\/wp\/v2\/types\/page"}],"author":[{"embeddable":true,"href":"https:\/\/www.lisakuehnemann.com\/en\/wp-json\/wp\/v2\/users\/4"}],"replies":[{"embeddable":true,"href":"https:\/\/www.lisakuehnemann.com\/en\/wp-json\/wp\/v2\/comments?post=4088"}],"version-history":[{"count":7,"href":"https:\/\/www.lisakuehnemann.com\/en\/wp-json\/wp\/v2\/pages\/4088\/revisions"}],"predecessor-version":[{"id":4132,"href":"https:\/\/www.lisakuehnemann.com\/en\/wp-json\/wp\/v2\/pages\/4088\/revisions\/4132"}],"wp:attachment":[{"href":"https:\/\/www.lisakuehnemann.com\/en\/wp-json\/wp\/v2\/media?parent=4088"}],"curies":[{"name":"wp","href":"https:\/\/api.w.org\/{rel}","templated":true}]}}