{"id":25,"date":"2011-08-02T14:08:21","date_gmt":"2011-08-02T14:08:21","guid":{"rendered":"http:\/\/www.lisacharlottemueller.com\/?page_id=25"},"modified":"2020-10-15T20:52:17","modified_gmt":"2020-10-15T18:52:17","slug":"impressum","status":"publish","type":"page","link":"https:\/\/www.lisakuehnemann.com\/en\/impressum\/","title":{"rendered":"Site Notice"},"content":{"rendered":"<p>Information in accordance with Section 5 TMG<\/p>\n<p>Lisa K\u00fchnemann<br \/>J\u00fcssenstra\u00dfe 2<br \/>50827 K\u00f6ln<\/p>\n<h2>Contact Information<\/h2>\n<p>E-Mail: <a href=\"mailto:lisa.c.kuehnemann@gmail.com\">lisa.c.kuehnemann@gmail.com<\/a><br \/>Internet address: <a href=\"www.lisakuehnemann.com\" target=\"_blank\" rel=\"noopener noreferrer\">www.lisakuehnemann.com<\/a><\/p>\n<h2>Disclaimer<\/h2>\n<p>Accountability for content<br \/>\nThe contents of our pages have been created with the utmost care. However, we cannot guarantee the contents&#8217;<br \/>\naccuracy, completeness or topicality. According to statutory provisions, we are furthermore responsible for<br \/>\nour own content on these web pages. In this matter, please note that we are not obliged to monitor<br \/>\nthe transmitted or saved information of third parties, or investigate circumstances pointing to illegal activity.<br \/>\nOur obligations to remove or block the use of information under generally applicable laws remain unaffected by this as per<br \/>\n\u00a7\u00a7 8 to 10 of the Telemedia Act (TMG).<\/p>\n<p>Accountability for links<br \/>\nResponsibility for the content of<br \/>\nexternal links (to web pages of third parties) lies solely with the operators of the linked pages. No violations were<br \/>\nevident to us at the time of linking. Should any legal infringement become known to us, we will remove the respective<br \/>\nlink immediately.<\/p>\n<p>Copyright<br \/> Our web pages and their contents are subject to German copyright law. Unless<br \/>\nexpressly permitted by law, every form of utilizing, reproducing or processing<br \/>\nworks subject to copyright protection on our web pages requires the prior consent of the respective owner of the rights.<br \/>\nIndividual reproductions of a work are only allowed for private use.<br \/>\nThe materials from these pages are copyrighted and any unauthorized use may violate copyright laws.<\/p>\n<p><i>Quelle: <\/i><a href=\"http:\/\/www.translate-24h.de\" target=\"_blank\" rel=\"noopener noreferrer\">translate-24h \u00dcbersetzungen<\/a> <\/p>\n<p><\/p>","protected":false},"excerpt":{"rendered":"<p>Information in accordance with Section 5 TMG Lisa K\u00fchnemannJ\u00fcssenstra\u00dfe 250827 K\u00f6ln Contact Information E-Mail: lisa.c.kuehnemann@gmail.comInternet address: www.lisakuehnemann.com Disclaimer Accountability for content The contents of our pages have been created with the utmost care. However, we cannot guarantee the contents&#8217; accuracy, completeness or topicality. According to statutory provisions, we are furthermore responsible for our own content &hellip; <\/p>\n<p class=\"link-more\"><a href=\"https:\/\/www.lisakuehnemann.com\/en\/impressum\/\" class=\"more-link\">Continue reading<span class=\"screen-reader-text\"> &#8220;Site Notice&#8221;<\/span><\/a><\/p>\n","protected":false},"author":2,"featured_media":0,"parent":0,"menu_order":0,"comment_status":"open","ping_status":"open","template":"","meta":{"footnotes":""},"class_list":["post-25","page","type-page","status-publish","hentry"],"_links":{"self":[{"href":"https:\/\/www.lisakuehnemann.com\/en\/wp-json\/wp\/v2\/pages\/25"}],"collection":[{"href":"https:\/\/www.lisakuehnemann.com\/en\/wp-json\/wp\/v2\/pages"}],"about":[{"href":"https:\/\/www.lisakuehnemann.com\/en\/wp-json\/wp\/v2\/types\/page"}],"author":[{"embeddable":true,"href":"https:\/\/www.lisakuehnemann.com\/en\/wp-json\/wp\/v2\/users\/2"}],"replies":[{"embeddable":true,"href":"https:\/\/www.lisakuehnemann.com\/en\/wp-json\/wp\/v2\/comments?post=25"}],"version-history":[{"count":25,"href":"https:\/\/www.lisakuehnemann.com\/en\/wp-json\/wp\/v2\/pages\/25\/revisions"}],"predecessor-version":[{"id":4067,"href":"https:\/\/www.lisakuehnemann.com\/en\/wp-json\/wp\/v2\/pages\/25\/revisions\/4067"}],"wp:attachment":[{"href":"https:\/\/www.lisakuehnemann.com\/en\/wp-json\/wp\/v2\/media?parent=25"}],"curies":[{"name":"wp","href":"https:\/\/api.w.org\/{rel}","templated":true}]}}